{"id":47,"date":"2016-11-27T17:10:52","date_gmt":"2016-11-27T16:10:52","guid":{"rendered":"http:\/\/podcast.kuubus.de\/viererkette\/?page_id=47"},"modified":"2016-11-29T18:25:34","modified_gmt":"2016-11-29T17:25:34","slug":"der-fussballpodcast-der-auch-mal-in-die-offensive-geht","status":"publish","type":"page","link":"https:\/\/podcast.kuubus.de\/viererkette\/","title":{"rendered":"Viererkette \u2013 Der Fu\u00dfballpodcast, der auch mal in die Offensive geht"},"content":{"rendered":"<h1>Viererkette \u2013 Der Fu\u00dfballpodcast, der auch mal in die Offensive geht<\/h1>\n<p style=\"text-align: justify;\">Wenn vier begeisterte Fu\u00dfballfans aufeinandertreffen, dann bilden sie die Viererkette. Dieser Podcast besch\u00e4ftigt sich also mit einer der sch\u00f6nsten Nebensachen der Welt, dem runden Leder. In illustrer Runde besprechen wir die Spieltage der Fu\u00dfballbundesliga. Wir schauen aber auch \u00fcber den Tellerrand hinaus und k\u00fcmmern uns neben dem DFB-Pokal auch um die Spiele in Champions und Europa League. Die Spiele unserer Nationalmannschaft haben wir nat\u00fcrlich ebenso im Blick. Euch erwarten Meinungen, knallharte Analysen und kontrovers und leidenschaftlich gef\u00fchrte Diskussionen. Wir w\u00fcnschen gute Unterhaltung bei der Viererkette, eurem neuen Fu\u00dfballpodcast. \u00dcber Rezensionen und Bewertungen freuen wir uns \u00fcbrigens genauso, wie \u00fcber einen Besuch in den sozialen Netzwerken.<\/p>\n<div class=\"info-box-row clearfix\" id=\"info-box-row-24\">\n<div id=\"info-box-13\" class=\" ffs-two-one ffs-info-box center \" ><div class=\"ffs-icon-box\"><span class=\"ffs-icon-container\"><i class=\"fa fa-check-square-o\" style=\"background-color:#000; color:#fff; border-radius:50%; \"><\/i><\/span><\/div><div class=\"ffs-content-box\"><div class=\"infobox-title\" style=\"text-align:center; font-size:20px; text-transform: uppercase; \">Abonniere uns \u00fcber...<\/div><div class=\"infobox-text\"  style=\"text-align:center; font-size:13px; \" >\niTunes (demn\u00e4chst),\n<a href=\"https:\/\/soundcloud.com\/viererkettepodcast\/\">Soundcloud<\/a>,\n<a href=\"https:\/\/www.youtube.com\/channel\/UCvJ0bvA-wQrbueKAN_2erOg\">YouTube<\/a>,\n<a href=\"http:\/\/podcast.kuubus.de\/viererkette\/episodenliste\/\">Webplayer<\/a>\u00a0(Episodenliste),\n<a href=\"http:\/\/podcast.kuubus.de\/viererkette\/feed\/podcast\/\">RSS<\/a><\/div><\/div><\/div>\n<div id=\"info-box-22\" class=\" ffs-two-one ffs-info-box center last\" ><div class=\"ffs-icon-box\"><span class=\"ffs-icon-container\"><i class=\"fa fa-check-square-o\" style=\"background-color:#000; color:#fff; border-radius:50%; \"><\/i><\/span><\/div><div class=\"ffs-content-box\"><div class=\"infobox-title\" style=\"text-align:center; font-size:20px; text-transform: uppercase; \">Folge uns auf...<\/div><div class=\"infobox-text\"  style=\"text-align:center; font-size:13px; \" >\n<a href=\"http:\/\/www.twitter.com\/viererkettepod\">Twitter<\/a>,\n<a href=\"https:\/\/www.facebook.com\/viererkettepodcast\/\">Facebook<\/a>,\n<a href=\"https:\/\/plus.google.com\/u\/0\/107799868711536914941\">Google+<\/a>\n<\/div><\/div><\/div><\/div><div class=\"clearfix\"><\/div>\n<p>&nbsp;<\/p>\n","protected":false},"excerpt":{"rendered":"<p>Viererkette \u2013 Der Fu\u00dfballpodcast, der auch mal in die Offensive geht Wenn vier begeisterte Fu\u00dfballfans aufeinandertreffen, dann bilden sie die Viererkette. Dieser Podcast besch\u00e4ftigt sich also mit einer der sch\u00f6nsten Nebensachen der Welt, dem runden Leder. In illustrer Runde besprechen wir die Spieltage der Fu\u00dfballbundesliga. Wir schauen aber auch \u00fcber den Tellerrand hinaus und k\u00fcmmern [&hellip;]<\/p>\n","protected":false},"author":1,"featured_media":15,"parent":0,"menu_order":0,"comment_status":"closed","ping_status":"closed","template":"","meta":{"jetpack_post_was_ever_published":false,"footnotes":""},"class_list":["post-47","page","type-page","status-publish","has-post-thumbnail","hentry"],"jetpack_sharing_enabled":true,"jetpack_shortlink":"https:\/\/wp.me\/P8qkhd-L","_links":{"self":[{"href":"https:\/\/podcast.kuubus.de\/viererkette\/wp-json\/wp\/v2\/pages\/47","targetHints":{"allow":["GET"]}}],"collection":[{"href":"https:\/\/podcast.kuubus.de\/viererkette\/wp-json\/wp\/v2\/pages"}],"about":[{"href":"https:\/\/podcast.kuubus.de\/viererkette\/wp-json\/wp\/v2\/types\/page"}],"author":[{"embeddable":true,"href":"https:\/\/podcast.kuubus.de\/viererkette\/wp-json\/wp\/v2\/users\/1"}],"replies":[{"embeddable":true,"href":"https:\/\/podcast.kuubus.de\/viererkette\/wp-json\/wp\/v2\/comments?post=47"}],"version-history":[{"count":0,"href":"https:\/\/podcast.kuubus.de\/viererkette\/wp-json\/wp\/v2\/pages\/47\/revisions"}],"wp:featuredmedia":[{"embeddable":true,"href":"https:\/\/podcast.kuubus.de\/viererkette\/wp-json\/wp\/v2\/media\/15"}],"wp:attachment":[{"href":"https:\/\/podcast.kuubus.de\/viererkette\/wp-json\/wp\/v2\/media?parent=47"}],"curies":[{"name":"wp","href":"https:\/\/api.w.org\/{rel}","templated":true}]}}