{"id":161,"date":"2017-03-12T09:50:51","date_gmt":"2017-03-12T08:50:51","guid":{"rendered":"http:\/\/podcast.kuubus.de\/tuer-und-angel\/?page_id=161"},"modified":"2017-03-15T14:14:06","modified_gmt":"2017-03-15T13:14:06","slug":"prv-privat","status":"publish","type":"page","link":"https:\/\/podcast.kuubus.de\/tuer-und-angel\/themen\/prv-privat\/","title":{"rendered":"PRV \u2013 Privat"},"content":{"rendered":"<p>In diesen Episoden erz\u00e4hle ich etwas \u00fcber mich selbst. Dinge, die mich bewegen oder gerade besch\u00e4ftigen.<\/p>\n<p>Sendet mir gerne Feedback. Seid ihr der selben Meinung oder ganz anderer? Z\u00fcndstoff f\u00fcr Diskussionen und Austausch.<\/p>\n<table style=\"background: transparent!important;\">\n    <thead>\n        <th><\/th>\n        <th>Datum<\/th>\n        <th>Episode<\/th>\n        <th>Dauer<\/th>\n    <\/thead>\n    <tbody>\n                  \t            \t                      \t            \t                      \t            \t                      \t                      \t            \t            \t            \t            \t            \t            \t                    <tr class=\"podcast_archive_element\">\n            <td class=\"thumbnail\">\n                \n<img loading=\"lazy\" decoding=\"async\" width=\"64\" height=\"64\" src=\"https:\/\/podcast.kuubus.de\/tuer-und-angel\/wp-content\/cache\/podlove\/9f\/a6ef75a3278f653fb42476b6d44f70\/themenkanaele-des-tuer-und-angel-podcasts_64x64.jpg\" srcset=\"https:\/\/podcast.kuubus.de\/tuer-und-angel\/wp-content\/cache\/podlove\/9f\/a6ef75a3278f653fb42476b6d44f70\/themenkanaele-des-tuer-und-angel-podcasts_64x64.jpg 1x, https:\/\/podcast.kuubus.de\/tuer-und-angel\/wp-content\/cache\/podlove\/9f\/a6ef75a3278f653fb42476b6d44f70\/themenkanaele-des-tuer-und-angel-podcasts_128x.jpg 2x, https:\/\/podcast.kuubus.de\/tuer-und-angel\/wp-content\/cache\/podlove\/9f\/a6ef75a3278f653fb42476b6d44f70\/themenkanaele-des-tuer-und-angel-podcasts_192x.jpg 3x\"\/>\n\n            <\/td>\n            <td class=\"date\">\n                <span class=\"release_date\">\n                    23. M\u00e4rz 2017 21:46\n                <\/span>\n            <\/td>\n            <td class=\"title\">\n                <a href=\"https:\/\/podcast.kuubus.de\/tuer-und-angel\/xyz009-themenkanaele-des-tuer-und-angel-podcasts\/\">\n                    <strong>Themenkan\u00e4le des T\u00fcr und Angel Podcasts<\/strong><br>\n                    Themenkan\u00e4le einzeln abonnierbar\n                <\/a>\n            <\/td>\n            <td class=\"duration\">\n                                0:05:40\n            <\/td>\n        <\/tr>\n\t\t\t            \t            \t            \t            \t                      \t                      \t                      \t                      \t                      \t                      \t                      \t                      \t            \t            \t            \t            \t            \t            \t            \t                    <tr class=\"podcast_archive_element\">\n            <td class=\"thumbnail\">\n                \n<img loading=\"lazy\" decoding=\"async\" width=\"64\" height=\"64\" src=\"https:\/\/podcast.kuubus.de\/tuer-und-angel\/wp-content\/cache\/podlove\/00\/1182e6141017c0b49c106da07e41fb\/zwischen-tuer-und-angel_64x64.jpg\" srcset=\"https:\/\/podcast.kuubus.de\/tuer-und-angel\/wp-content\/cache\/podlove\/00\/1182e6141017c0b49c106da07e41fb\/zwischen-tuer-und-angel_64x64.jpg 1x, https:\/\/podcast.kuubus.de\/tuer-und-angel\/wp-content\/cache\/podlove\/00\/1182e6141017c0b49c106da07e41fb\/zwischen-tuer-und-angel_128x.jpg 2x, https:\/\/podcast.kuubus.de\/tuer-und-angel\/wp-content\/cache\/podlove\/00\/1182e6141017c0b49c106da07e41fb\/zwischen-tuer-und-angel_192x.jpg 3x\"\/>\n\n            <\/td>\n            <td class=\"date\">\n                <span class=\"release_date\">\n                    12. M\u00e4rz 2017 14:01\n                <\/span>\n            <\/td>\n            <td class=\"title\">\n                <a href=\"https:\/\/podcast.kuubus.de\/tuer-und-angel\/001-zwischen-tuer-und-angel\/\">\n                    <strong>zwischen T\u00fcr und Angel<\/strong><br>\n                    Infos und Gedanken zwischen T\u00dcR UND ANGEL\n                <\/a>\n            <\/td>\n            <td class=\"duration\">\n                                0:13:03\n            <\/td>\n        <\/tr>\n\t\t\t            \t            \t            \t            \t            <\/tbody>\n<\/table>\n\n<style type=\"text\/css\">\n.podcast_archive_element .thumbnail {\n    width: 64px;\n    padding: 5px !important;\n}\n\n.podcast_archive_element td {\n    vertical-align: top;\n}\n<\/style>\n","protected":false},"excerpt":{"rendered":"<p>In diesen Episoden erz\u00e4hle ich etwas \u00fcber mich selbst. Dinge, die mich bewegen oder gerade besch\u00e4ftigen. Sendet mir gerne Feedback. Seid ihr der selben Meinung oder ganz anderer? Z\u00fcndstoff f\u00fcr Diskussionen und Austausch.<\/p>\n","protected":false},"author":1,"featured_media":0,"parent":156,"menu_order":0,"comment_status":"closed","ping_status":"closed","template":"","meta":{"jetpack_post_was_ever_published":false,"footnotes":""},"class_list":["post-161","page","type-page","status-publish","hentry"],"jetpack_sharing_enabled":true,"jetpack_shortlink":"https:\/\/wp.me\/P8wtZ5-2B","_links":{"self":[{"href":"https:\/\/podcast.kuubus.de\/tuer-und-angel\/wp-json\/wp\/v2\/pages\/161","targetHints":{"allow":["GET"]}}],"collection":[{"href":"https:\/\/podcast.kuubus.de\/tuer-und-angel\/wp-json\/wp\/v2\/pages"}],"about":[{"href":"https:\/\/podcast.kuubus.de\/tuer-und-angel\/wp-json\/wp\/v2\/types\/page"}],"author":[{"embeddable":true,"href":"https:\/\/podcast.kuubus.de\/tuer-und-angel\/wp-json\/wp\/v2\/users\/1"}],"replies":[{"embeddable":true,"href":"https:\/\/podcast.kuubus.de\/tuer-und-angel\/wp-json\/wp\/v2\/comments?post=161"}],"version-history":[{"count":3,"href":"https:\/\/podcast.kuubus.de\/tuer-und-angel\/wp-json\/wp\/v2\/pages\/161\/revisions"}],"predecessor-version":[{"id":246,"href":"https:\/\/podcast.kuubus.de\/tuer-und-angel\/wp-json\/wp\/v2\/pages\/161\/revisions\/246"}],"up":[{"embeddable":true,"href":"https:\/\/podcast.kuubus.de\/tuer-und-angel\/wp-json\/wp\/v2\/pages\/156"}],"wp:attachment":[{"href":"https:\/\/podcast.kuubus.de\/tuer-und-angel\/wp-json\/wp\/v2\/media?parent=161"}],"curies":[{"name":"wp","href":"https:\/\/api.w.org\/{rel}","templated":true}]}}