{"id":156,"date":"2017-03-12T09:41:40","date_gmt":"2017-03-12T08:41:40","guid":{"rendered":"http:\/\/podcast.kuubus.de\/tuer-und-angel\/?page_id=156"},"modified":"2017-10-13T07:59:36","modified_gmt":"2017-10-13T05:59:36","slug":"themen","status":"publish","type":"page","link":"https:\/\/podcast.kuubus.de\/tuer-und-angel\/themen\/","title":{"rendered":"Themen"},"content":{"rendered":"<p>Hier erf\u00e4hrst Du mehr \u00fcber die Themen des T\u00dcR UND ANGEL Podcasts.\u00a0Die Abk\u00fcrzungen am Anfang der Episoden-Nummer gibt den Themenbereich an.<\/p>\n<ul>\n<li><a href=\"http:\/\/podcast.kuubus.de\/tuer-und-angel\/themen\/aba-behinderung-accessibility-und-barrierefreiheit\/\">BAB &#8211; Behinderung, Accessibility und Barrierefreiheit<\/a><\/li>\n<li><a href=\"http:\/\/podcast.kuubus.de\/tuer-und-angel\/themen\/dev-developement-programmieren\/\">DEV &#8211; Developement (Programmieren)<\/a><\/li>\n<li><a href=\"http:\/\/podcast.kuubus.de\/tuer-und-angel\/themen\/ent-entertainment-unterhaltung\/\">ENT &#8211; Entertainment<\/a><\/li>\n<li><a class=\"row-title\" href=\"http:\/\/podcast.kuubus.de\/tuer-und-angel\/themen\/gep-gesundheit-ernaehrung-und-pflanzen\/\">GEP \u2013 Gesundheit, Ern\u00e4hrung und Planzen<\/a><\/li>\n<li><a href=\"http:\/\/podcast.kuubus.de\/tuer-und-angel\/themen\/kuu-kuubus-webseite\/\">KUU &#8211; KuUBuS Webseite<\/a><\/li>\n<li><a href=\"http:\/\/podcast.kuubus.de\/tuer-und-angel\/themen\/prv-privat\/\">PRV &#8211; Privat (etwas \u00fcber mich)<\/a><\/li>\n<li><a href=\"http:\/\/podcast.kuubus.de\/tuer-und-angel\/themen\/psy-psychologie-und-co\/\">PSY &#8211; Psychologie und Co.<\/a><\/li>\n<li><a href=\"http:\/\/podcast.kuubus.de\/tuer-und-angel\/themen\/spr-sprache\/\">SPR &#8211; Sprache<\/a><\/li>\n<li><a href=\"http:\/\/podcast.kuubus.de\/tuer-und-angel\/themen\/tec-technik\/\">TEC &#8211; Technik<\/a><\/li>\n<li><a href=\"http:\/\/podcast.kuubus.de\/tuer-und-angel\/themen\/app-apps-und-programme\/\">APP &#8211; Apps und Programme<\/a><\/li>\n<li><a href=\"http:\/\/podcast.kuubus.de\/tuer-und-angel\/themen\/ios-folgen-mit-bezug-auf-apples-ios\/\">iOS \u2013 Folgen mit Bezug auf Apples iOS<\/a><\/li>\n<li><a href=\"http:\/\/podcast.kuubus.de\/tuer-und-angel\/themen\/xyz-special-mehrere-themen\/\">XYZ &#8211; Special &#8211; Mehrere Themen<\/a><\/li>\n<\/ul>\n","protected":false},"excerpt":{"rendered":"<p>Hier erf\u00e4hrst Du mehr \u00fcber die Themen des T\u00dcR UND ANGEL Podcasts.\u00a0Die Abk\u00fcrzungen am Anfang der Episoden-Nummer gibt den Themenbereich an. BAB &#8211; Behinderung, Accessibility und Barrierefreiheit DEV &#8211; Developement (Programmieren) ENT &#8211; Entertainment GEP \u2013 Gesundheit, Ern\u00e4hrung und Planzen KUU &#8211; KuUBuS Webseite PRV &#8211; Privat (etwas \u00fcber mich) PSY &#8211; Psychologie und Co. [&hellip;]<\/p>\n","protected":false},"author":1,"featured_media":0,"parent":0,"menu_order":0,"comment_status":"closed","ping_status":"closed","template":"","meta":{"jetpack_post_was_ever_published":false,"footnotes":""},"class_list":["post-156","page","type-page","status-publish","hentry"],"jetpack_sharing_enabled":true,"jetpack_shortlink":"https:\/\/wp.me\/P8wtZ5-2w","_links":{"self":[{"href":"https:\/\/podcast.kuubus.de\/tuer-und-angel\/wp-json\/wp\/v2\/pages\/156","targetHints":{"allow":["GET"]}}],"collection":[{"href":"https:\/\/podcast.kuubus.de\/tuer-und-angel\/wp-json\/wp\/v2\/pages"}],"about":[{"href":"https:\/\/podcast.kuubus.de\/tuer-und-angel\/wp-json\/wp\/v2\/types\/page"}],"author":[{"embeddable":true,"href":"https:\/\/podcast.kuubus.de\/tuer-und-angel\/wp-json\/wp\/v2\/users\/1"}],"replies":[{"embeddable":true,"href":"https:\/\/podcast.kuubus.de\/tuer-und-angel\/wp-json\/wp\/v2\/comments?post=156"}],"version-history":[{"count":14,"href":"https:\/\/podcast.kuubus.de\/tuer-und-angel\/wp-json\/wp\/v2\/pages\/156\/revisions"}],"predecessor-version":[{"id":352,"href":"https:\/\/podcast.kuubus.de\/tuer-und-angel\/wp-json\/wp\/v2\/pages\/156\/revisions\/352"}],"wp:attachment":[{"href":"https:\/\/podcast.kuubus.de\/tuer-und-angel\/wp-json\/wp\/v2\/media?parent=156"}],"curies":[{"name":"wp","href":"https:\/\/api.w.org\/{rel}","templated":true}]}}