{"id":3577,"date":"2017-03-05T16:03:55","date_gmt":"2017-03-05T15:03:55","guid":{"rendered":"http:\/\/podcast.kuubus.de\/techtalk\/?page_id=3577"},"modified":"2017-03-09T12:33:09","modified_gmt":"2017-03-09T11:33:09","slug":"steffen-schultz","status":"publish","type":"page","link":"https:\/\/podcast.kuubus.de\/techtalk\/das-team\/steffen-schultz\/","title":{"rendered":"Steffen Schultz"},"content":{"rendered":"<p><img loading=\"lazy\" decoding=\"async\" class=\"size-medium wp-image-3530 alignleft\" src=\"http:\/\/podcast.kuubus.de\/techtalk\/wp-content\/uploads\/sites\/5\/2017\/02\/avatar_sschultz120-300x300.jpg\" alt=\"\" width=\"300\" height=\"300\" srcset=\"https:\/\/podcast.kuubus.de\/techtalk\/wp-content\/uploads\/sites\/5\/2017\/02\/avatar_sschultz120-300x300.jpg 300w, https:\/\/podcast.kuubus.de\/techtalk\/wp-content\/uploads\/sites\/5\/2017\/02\/avatar_sschultz120-150x150.jpg 150w, https:\/\/podcast.kuubus.de\/techtalk\/wp-content\/uploads\/sites\/5\/2017\/02\/avatar_sschultz120.jpg 424w\" sizes=\"auto, (max-width: 300px) 100vw, 300px\" \/><strong>Funktion:<\/strong><\/p>\n<p>Moderation, Solo-Moderation, Technik, Schnitt, Produktion, Ver\u00f6ffentlichung.<\/p>\n<p><strong>Mehr \u00fcber mich:<\/strong><\/p>\n<p>Radiomoderator, Podcaster und Blogger aus dem Norden Brandenburgs. Neben eigenen, sporadisch ver\u00f6ffentlichten Podcast-Episoden beteilige ich mich technisch und inhaltlich an den Podcasts der KuUBuS Podcast Plattform. Au\u00dferhalb von Wort und Schnitt kann man mich als Moderator f\u00fcr verschiedene Webradios h\u00f6ren, darunter mein eigenes Projekt <a href=\"http:\/\/www.powerradio4u.de\">Powerradio4u<\/a>, welches als Kassettenradio in Kindheitstagen seinen Ursprung nahm und sich heute der Creative-Commons-Musik verschrieben hat.<\/p>\n\n<table class=\"podlove-global-contributors\" style=\"background: transparent!important;\">\n\t\t<tbody>\n\t\t\t\t\t\t\t\t\t\t\t\t\t\t\t\t\t\t\t\t\t\t\t\t\t\t\t<tr>\n\t\t\t\t\t<td rowspan=\"2\" class=\"avatar-cell\" width=\"60\">\n\t\t\t\t\t\t\n<img loading=\"lazy\" decoding=\"async\" class=\"avatar avatar- photo\" alt=\"avatar\" width=\"60\" height=\"60\" src=\"https:\/\/podcast.kuubus.de\/techtalk\/podlove\/image\/687474703a2f2f706f64636173742e6b75756275732e64652f7465636874616c6b2f77702d636f6e74656e742f75706c6f6164732f73697465732f352f323031372f30322f6176617461725f73736368756c747a3132302e6a7067\/60\/60\/0\/steffen-schultz\" srcset=\"https:\/\/podcast.kuubus.de\/techtalk\/podlove\/image\/687474703a2f2f706f64636173742e6b75756275732e64652f7465636874616c6b2f77702d636f6e74656e742f75706c6f6164732f73697465732f352f323031372f30322f6176617461725f73736368756c747a3132302e6a7067\/60\/60\/0\/steffen-schultz 1x, https:\/\/podcast.kuubus.de\/techtalk\/podlove\/image\/687474703a2f2f706f64636173742e6b75756275732e64652f7465636874616c6b2f77702d636f6e74656e742f75706c6f6164732f73697465732f352f323031372f30322f6176617461725f73736368756c747a3132302e6a7067\/120\/0\/0\/steffen-schultz 2x, https:\/\/podcast.kuubus.de\/techtalk\/podlove\/image\/687474703a2f2f706f64636173742e6b75756275732e64652f7465636874616c6b2f77702d636f6e74656e742f75706c6f6164732f73697465732f352f323031372f30322f6176617461725f73736368756c747a3132302e6a7067\/180\/0\/0\/steffen-schultz 3x\"\/>\n\n\t\t\t\t\t<\/td>\n\t\t\t\t\t<td class=\"social-cell\">\n\t\t\t\t\t\t<strong class=\"contributor-name\">Steffen Schultz<\/strong>\n\t\t                \t\t\t\t\t\t<div class=\"social-icons\">\n\t\t\t\t\t\t\t\t\t\t\t\t\t\t\t<a target=\"_blank\" title=\"Steffen Schultz im Web\" href=\"http:\/\/www.robbenradio.de\/\">\n\t\t\t\t\t\t\t\t\t\n<img decoding=\"async\" class=\"podlove-contributor-button\" alt=\"Steffen Schultz im Web Icon\" width=\"32\" src=\"https:\/\/podcast.kuubus.de\/techtalk\/podlove\/image\/68747470733a2f2f706f64636173742e6b75756275732e64652f7465636874616c6b2f77702d636f6e74656e742f706c7567696e732f706f646c6f76652d706f6463617374696e672d706c7567696e2d666f722d776f726470726573732f6c69622f6d6f64756c65732f736f6369616c2f696d616765732f69636f6e732f7777772e706e67\/32\/0\/0\/website\" srcset=\"https:\/\/podcast.kuubus.de\/techtalk\/podlove\/image\/68747470733a2f2f706f64636173742e6b75756275732e64652f7465636874616c6b2f77702d636f6e74656e742f706c7567696e732f706f646c6f76652d706f6463617374696e672d706c7567696e2d666f722d776f726470726573732f6c69622f6d6f64756c65732f736f6369616c2f696d616765732f69636f6e732f7777772e706e67\/32\/0\/0\/website 1x, https:\/\/podcast.kuubus.de\/techtalk\/podlove\/image\/68747470733a2f2f706f64636173742e6b75756275732e64652f7465636874616c6b2f77702d636f6e74656e742f706c7567696e732f706f646c6f76652d706f6463617374696e672d706c7567696e2d666f722d776f726470726573732f6c69622f6d6f64756c65732f736f6369616c2f696d616765732f69636f6e732f7777772e706e67\/64\/0\/0\/website 2x, https:\/\/podcast.kuubus.de\/techtalk\/podlove\/image\/68747470733a2f2f706f64636173742e6b75756275732e64652f7465636874616c6b2f77702d636f6e74656e742f706c7567696e732f706f646c6f76652d706f6463617374696e672d706c7567696e2d666f722d776f726470726573732f6c69622f6d6f64756c65732f736f6369616c2f696d616765732f69636f6e732f7777772e706e67\/96\/0\/0\/website 3x\"\/>\n\n\t\t\t\t\t\t\t\t<\/a>\n\t\t\t\t\t\t\t\t\t\t\t\t\t\t\t<a target=\"_blank\" title=\"Steffen Schultz auf Twitter\" href=\"https:\/\/twitter.com\/schulle4u\">\n\t\t\t\t\t\t\t\t\t\n<img decoding=\"async\" class=\"podlove-contributor-button\" alt=\"Steffen Schultz auf Twitter Icon\" width=\"32\" src=\"https:\/\/podcast.kuubus.de\/techtalk\/podlove\/image\/68747470733a2f2f706f64636173742e6b75756275732e64652f7465636874616c6b2f77702d636f6e74656e742f706c7567696e732f706f646c6f76652d706f6463617374696e672d706c7567696e2d666f722d776f726470726573732f6c69622f6d6f64756c65732f736f6369616c2f696d616765732f69636f6e732f747769747465722e706e67\/32\/0\/0\/twitter\" srcset=\"https:\/\/podcast.kuubus.de\/techtalk\/podlove\/image\/68747470733a2f2f706f64636173742e6b75756275732e64652f7465636874616c6b2f77702d636f6e74656e742f706c7567696e732f706f646c6f76652d706f6463617374696e672d706c7567696e2d666f722d776f726470726573732f6c69622f6d6f64756c65732f736f6369616c2f696d616765732f69636f6e732f747769747465722e706e67\/32\/0\/0\/twitter 1x, https:\/\/podcast.kuubus.de\/techtalk\/podlove\/image\/68747470733a2f2f706f64636173742e6b75756275732e64652f7465636874616c6b2f77702d636f6e74656e742f706c7567696e732f706f646c6f76652d706f6463617374696e672d706c7567696e2d666f722d776f726470726573732f6c69622f6d6f64756c65732f736f6369616c2f696d616765732f69636f6e732f747769747465722e706e67\/64\/0\/0\/twitter 2x, https:\/\/podcast.kuubus.de\/techtalk\/podlove\/image\/68747470733a2f2f706f64636173742e6b75756275732e64652f7465636874616c6b2f77702d636f6e74656e742f706c7567696e732f706f646c6f76652d706f6463617374696e672d706c7567696e2d666f722d776f726470726573732f6c69622f6d6f64756c65732f736f6369616c2f696d616765732f69636f6e732f747769747465722e706e67\/96\/0\/0\/twitter 3x\"\/>\n\n\t\t\t\t\t\t\t\t<\/a>\n\t\t\t\t\t\t\t\t\t\t\t\t\t\t\t<a target=\"_blank\" title=\"Steffen Schultz im Radio bei PowerRadio4u\" href=\"http:\/\/www.powerradio4u.de\/\">\n\t\t\t\t\t\t\t\t\t\n<img decoding=\"async\" class=\"podlove-contributor-button\" alt=\"Steffen Schultz im Radio bei PowerRadio4u Icon\" width=\"32\" src=\"https:\/\/podcast.kuubus.de\/techtalk\/podlove\/image\/68747470733a2f2f706f64636173742e6b75756275732e64652f7465636874616c6b2f77702d636f6e74656e742f706c7567696e732f706f646c6f76652d706f6463617374696e672d706c7567696e2d666f722d776f726470726573732f6c69622f6d6f64756c65732f736f6369616c2f696d616765732f69636f6e732f7777772e706e67\/32\/0\/0\/website\" srcset=\"https:\/\/podcast.kuubus.de\/techtalk\/podlove\/image\/68747470733a2f2f706f64636173742e6b75756275732e64652f7465636874616c6b2f77702d636f6e74656e742f706c7567696e732f706f646c6f76652d706f6463617374696e672d706c7567696e2d666f722d776f726470726573732f6c69622f6d6f64756c65732f736f6369616c2f696d616765732f69636f6e732f7777772e706e67\/32\/0\/0\/website 1x, https:\/\/podcast.kuubus.de\/techtalk\/podlove\/image\/68747470733a2f2f706f64636173742e6b75756275732e64652f7465636874616c6b2f77702d636f6e74656e742f706c7567696e732f706f646c6f76652d706f6463617374696e672d706c7567696e2d666f722d776f726470726573732f6c69622f6d6f64756c65732f736f6369616c2f696d616765732f69636f6e732f7777772e706e67\/64\/0\/0\/website 2x, https:\/\/podcast.kuubus.de\/techtalk\/podlove\/image\/68747470733a2f2f706f64636173742e6b75756275732e64652f7465636874616c6b2f77702d636f6e74656e742f706c7567696e732f706f646c6f76652d706f6463617374696e672d706c7567696e2d666f722d776f726470726573732f6c69622f6d6f64756c65732f736f6369616c2f696d616765732f69636f6e732f7777772e706e67\/96\/0\/0\/website 3x\"\/>\n\n\t\t\t\t\t\t\t\t<\/a>\n\t\t\t\t\t\t\t\t\t\t\t\t\t\t\t<a target=\"_blank\" title=\"Steffen Schultz mit der Sendung Indie Point bei RMN Radio\" href=\"http:\/\/www.rmnradio.fm\/index.php\/rmnradio\/programm\/sendungen\/104-indie-point\">\n\t\t\t\t\t\t\t\t\t\n<img decoding=\"async\" class=\"podlove-contributor-button\" alt=\"Steffen Schultz mit der Sendung Indie Point bei RMN Radio Icon\" width=\"32\" src=\"https:\/\/podcast.kuubus.de\/techtalk\/podlove\/image\/68747470733a2f2f706f64636173742e6b75756275732e64652f7465636874616c6b2f77702d636f6e74656e742f706c7567696e732f706f646c6f76652d706f6463617374696e672d706c7567696e2d666f722d776f726470726573732f6c69622f6d6f64756c65732f736f6369616c2f696d616765732f69636f6e732f7777772e706e67\/32\/0\/0\/website\" srcset=\"https:\/\/podcast.kuubus.de\/techtalk\/podlove\/image\/68747470733a2f2f706f64636173742e6b75756275732e64652f7465636874616c6b2f77702d636f6e74656e742f706c7567696e732f706f646c6f76652d706f6463617374696e672d706c7567696e2d666f722d776f726470726573732f6c69622f6d6f64756c65732f736f6369616c2f696d616765732f69636f6e732f7777772e706e67\/32\/0\/0\/website 1x, https:\/\/podcast.kuubus.de\/techtalk\/podlove\/image\/68747470733a2f2f706f64636173742e6b75756275732e64652f7465636874616c6b2f77702d636f6e74656e742f706c7567696e732f706f646c6f76652d706f6463617374696e672d706c7567696e2d666f722d776f726470726573732f6c69622f6d6f64756c65732f736f6369616c2f696d616765732f69636f6e732f7777772e706e67\/64\/0\/0\/website 2x, https:\/\/podcast.kuubus.de\/techtalk\/podlove\/image\/68747470733a2f2f706f64636173742e6b75756275732e64652f7465636874616c6b2f77702d636f6e74656e742f706c7567696e732f706f646c6f76652d706f6463617374696e672d706c7567696e2d666f722d776f726470726573732f6c69622f6d6f64756c65732f736f6369616c2f696d616765732f69636f6e732f7777772e706e67\/96\/0\/0\/website 3x\"\/>\n\n\t\t\t\t\t\t\t\t<\/a>\n\t\t\t\t\t\t\t\t\t\t\t\t\t<\/div>\n\t\t\t\t\t<\/td>\n\t\t\t\t<\/tr>\n\t\t\t\t<tr class=\"episode-row\">\n\t\t\t\t\t<td class=\"episodes-cell\">\n\t\t\t\t\t\t<ul>\n\t\t\t\t\t\t\t\t\t\t\t\t\t<li>\n\t\t\t\t\t\t\t\t<a href=\"https:\/\/podcast.kuubus.de\/techtalk\/techtalk-episode-15-mini-computer\/\">Mini-Computer<\/a>\n\t\t\t\t\t\t\t<\/li>\n\t\t\t\t\t\t\t\t\t\t\t\t\t<li>\n\t\t\t\t\t\t\t\t<a href=\"https:\/\/podcast.kuubus.de\/techtalk\/techtalk-episode-14-meine-inhalte-im-netz\/\">Meine Inhalte im Netz<\/a>\n\t\t\t\t\t\t\t<\/li>\n\t\t\t\t\t\t\t\t\t\t\t\t\t<li>\n\t\t\t\t\t\t\t\t<a href=\"https:\/\/podcast.kuubus.de\/techtalk\/techtalk-episode-13-die-orcam\/\">Die OrCam<\/a>\n\t\t\t\t\t\t\t<\/li>\n\t\t\t\t\t\t\t\t\t\t\t\t\t<li>\n\t\t\t\t\t\t\t\t<a href=\"https:\/\/podcast.kuubus.de\/techtalk\/techtalk-episode-12-retro-technik-ton-und-bild\/\">Retro-Technik Ton und Bild<\/a>\n\t\t\t\t\t\t\t<\/li>\n\t\t\t\t\t\t\t\t\t\t\t\t\t<li>\n\t\t\t\t\t\t\t\t<a href=\"https:\/\/podcast.kuubus.de\/techtalk\/techtalk-episode-11-streamingdienste\/\">Streamingdienste<\/a>\n\t\t\t\t\t\t\t<\/li>\n\t\t\t\t\t\t\t\t\t\t\t\t\t<li>\n\t\t\t\t\t\t\t\t<a href=\"https:\/\/podcast.kuubus.de\/techtalk\/cap4free_techtalk_010_undok\/\">Undok-App zur Fernsteuerung von Netzwerk-Lautsprechern und WLAN-Radios<\/a>\n\t\t\t\t\t\t\t<\/li>\n\t\t\t\t\t\t\t\t\t\t\t\t\t<li>\n\t\t\t\t\t\t\t\t<a href=\"https:\/\/podcast.kuubus.de\/techtalk\/cap4free_techtalk_009_hilfsmittel2\/\">Hilfsmittel (Teil 2 von 2)<\/a>\n\t\t\t\t\t\t\t<\/li>\n\t\t\t\t\t\t\t\t\t\t\t\t\t<li>\n\t\t\t\t\t\t\t\t<a href=\"https:\/\/podcast.kuubus.de\/techtalk\/cap4free_techtalk_007_hilfsmittel1\/\">Hilfsmittel (Teil 1 von 2)<\/a>\n\t\t\t\t\t\t\t<\/li>\n\t\t\t\t\t\t\t\t\t\t\t\t\t<li>\n\t\t\t\t\t\t\t\t<a href=\"https:\/\/podcast.kuubus.de\/techtalk\/cap4free_techtalk_006_sprachausgaben\/\">Sprachausgaben<\/a>\n\t\t\t\t\t\t\t<\/li>\n\t\t\t\t\t\t\t\t\t\t\t\t\t<li>\n\t\t\t\t\t\t\t\t<a href=\"https:\/\/podcast.kuubus.de\/techtalk\/cap4free_techtalk_004_raspberry_pi2\/\">Installation und Einrichtung eines Raspberry Pi (Teil 2)<\/a>\n\t\t\t\t\t\t\t<\/li>\n\t\t\t\t\t\t\t\t\t\t\t\t\t<li>\n\t\t\t\t\t\t\t\t<a href=\"https:\/\/podcast.kuubus.de\/techtalk\/cap4free_techtalk_003_raspberry_pi1\/\">Installation und Einrichtung eines Raspberry Pi - Teil 1<\/a>\n\t\t\t\t\t\t\t<\/li>\n\t\t\t\t\t\t\t\t\t\t\t\t\t<li>\n\t\t\t\t\t\t\t\t<a href=\"https:\/\/podcast.kuubus.de\/techtalk\/cap4free_techtalk_002_iphone7plus\/\">Das iPhone 7 Plus<\/a>\n\t\t\t\t\t\t\t<\/li>\n\t\t\t\t\t\t\t\t\t\t\t\t\t<li>\n\t\t\t\t\t\t\t\t<a href=\"https:\/\/podcast.kuubus.de\/techtalk\/cap4free_techtalk_001_vorstellung\/\">Wir stellen uns vor<\/a>\n\t\t\t\t\t\t\t<\/li>\n\t\t\t\t\t\t\t\t\t\t\t\t<\/ul>\n\t\t\t\t\t<\/td>\n\t\t\t\t<\/tr>\n\t\t\t\t\t\t\t\t\t\t\t\t\t\t\t\t\t\t\t\t<\/tbody>\n<\/table>\n\n\n\n<style type=\"text\/css\">\n.podlove-global-contributors td {\n\tvertical-align: top;\n\tline-height: 1.3em;\n}\n\n.podlove-global-contributors .avatar-cell {\n\tmax-width: 100px;\n\ttext-align: center;\n}\n\n.podlove-global-contributors td {\n\tborder-top-width: 0px;\n}\n\n.podlove-global-contributors .episode-row {\n\t\/*margin-bottom: 10px;*\/\n}\n\n.podlove-global-contributors td ul {\n\tmargin: 0;\n}\n\n.podlove-global-contributors .social-cell li {\n\tmargin: 0;\n}\n\n.podlove-global-contributors .episodes-cell {\n\tpadding-top: 0px;\n}\n\n.podlove-global-contributors .episodes-cell li {\n\tdisplay: inline-block;\n\tmargin: 0;\n}\n\n.podlove-global-contributors .episodes-cell li a {\n\tbackground: #eee;\n\tpadding: 2px 10px;\n\tline-height: 170%;\n\tborder-radius: 10px;\n}\n\n<\/style>\n\n","protected":false},"excerpt":{"rendered":"<p>Funktion: Moderation, Solo-Moderation, Technik, Schnitt, Produktion, Ver\u00f6ffentlichung. Mehr \u00fcber mich: Radiomoderator, Podcaster und Blogger aus dem Norden Brandenburgs. Neben eigenen, sporadisch ver\u00f6ffentlichten Podcast-Episoden beteilige ich mich technisch und inhaltlich an den Podcasts der KuUBuS Podcast Plattform. Au\u00dferhalb von Wort und Schnitt kann man mich als Moderator f\u00fcr verschiedene Webradios h\u00f6ren, darunter mein eigenes Projekt Powerradio4u, [&hellip;]<\/p>\n","protected":false},"author":1,"featured_media":0,"parent":79,"menu_order":0,"comment_status":"closed","ping_status":"closed","template":"","meta":{"jetpack_post_was_ever_published":false,"footnotes":""},"class_list":["post-3577","page","type-page","status-publish","hentry"],"jetpack_sharing_enabled":true,"jetpack_shortlink":"https:\/\/wp.me\/P8sLSM-VH","_links":{"self":[{"href":"https:\/\/podcast.kuubus.de\/techtalk\/wp-json\/wp\/v2\/pages\/3577","targetHints":{"allow":["GET"]}}],"collection":[{"href":"https:\/\/podcast.kuubus.de\/techtalk\/wp-json\/wp\/v2\/pages"}],"about":[{"href":"https:\/\/podcast.kuubus.de\/techtalk\/wp-json\/wp\/v2\/types\/page"}],"author":[{"embeddable":true,"href":"https:\/\/podcast.kuubus.de\/techtalk\/wp-json\/wp\/v2\/users\/1"}],"replies":[{"embeddable":true,"href":"https:\/\/podcast.kuubus.de\/techtalk\/wp-json\/wp\/v2\/comments?post=3577"}],"version-history":[{"count":4,"href":"https:\/\/podcast.kuubus.de\/techtalk\/wp-json\/wp\/v2\/pages\/3577\/revisions"}],"predecessor-version":[{"id":3621,"href":"https:\/\/podcast.kuubus.de\/techtalk\/wp-json\/wp\/v2\/pages\/3577\/revisions\/3621"}],"up":[{"embeddable":true,"href":"https:\/\/podcast.kuubus.de\/techtalk\/wp-json\/wp\/v2\/pages\/79"}],"wp:attachment":[{"href":"https:\/\/podcast.kuubus.de\/techtalk\/wp-json\/wp\/v2\/media?parent=3577"}],"curies":[{"name":"wp","href":"https:\/\/api.w.org\/{rel}","templated":true}]}}