{"id":3565,"date":"2017-03-05T15:51:00","date_gmt":"2017-03-05T14:51:00","guid":{"rendered":"http:\/\/podcast.kuubus.de\/techtalk\/?page_id=3565"},"modified":"2017-03-05T16:33:32","modified_gmt":"2017-03-05T15:33:32","slug":"stephan-g-blendinger","status":"publish","type":"page","link":"https:\/\/podcast.kuubus.de\/techtalk\/das-team\/stephan-g-blendinger\/","title":{"rendered":"Stephan G. Blendinger"},"content":{"rendered":"<p><img loading=\"lazy\" decoding=\"async\" class=\"size-medium wp-image-3566 alignleft\" src=\"http:\/\/podcast.kuubus.de\/techtalk\/wp-content\/uploads\/sites\/5\/2017\/03\/15940985_1458939284124657_4103917272160830141_n-300x300.jpg\" alt=\"Foto von Stephan Blendinger\" width=\"300\" height=\"300\" srcset=\"https:\/\/podcast.kuubus.de\/techtalk\/wp-content\/uploads\/sites\/5\/2017\/03\/15940985_1458939284124657_4103917272160830141_n-300x300.jpg 300w, https:\/\/podcast.kuubus.de\/techtalk\/wp-content\/uploads\/sites\/5\/2017\/03\/15940985_1458939284124657_4103917272160830141_n-150x150.jpg 150w, https:\/\/podcast.kuubus.de\/techtalk\/wp-content\/uploads\/sites\/5\/2017\/03\/15940985_1458939284124657_4103917272160830141_n-768x768.jpg 768w, https:\/\/podcast.kuubus.de\/techtalk\/wp-content\/uploads\/sites\/5\/2017\/03\/15940985_1458939284124657_4103917272160830141_n.jpg 948w\" sizes=\"auto, (max-width: 300px) 100vw, 300px\" \/><strong>Funktion:<\/strong><\/p>\n<p>Moderation, Redaktion, Produktion, \u00d6ffentlichkeitsarbeit, Webseite, Administration<\/p>\n<p><strong>Mehr zu mir:<\/strong><\/p>\n<p>Ich bin Webmaster und Administrator der Internet-Platform KuUBuS. Zusammen mit Cap4Free betreiben wir diesen Podcast-Kanal. Meine Schwerpunkte liegen auf der Technik. Gelegentlich bin ich als Teil der Stammbesetzung bei einigen Podcast-Episoden dabei. Ich produziere zusammen mit Special-Guests einzelne Episoden. Auch Solo-Moderationen sind geplant.<\/p>\n<p>Ich komme aus Berlin und unterst\u00fctze Blinde und Sehbehinderte dabei \u00f6ffentlich wirksam ihre Inhalte zu verbreiten. Als Betreiber von KuUBuS freue ich mich immer \u00fcber Menschen, die mitwirken m\u00f6chten.<\/p>\n<p>Erreichbar bin ich \u00fcber die eingebunden Kommunikations-Buttons oder \u00fcber die E-Mail-Adreese:<\/p>\n<p style=\"text-align: center;\">redaktion@kuubus.de<\/p>\n<p style=\"text-align: left;\">\n<table class=\"podlove-global-contributors\" style=\"background: transparent!important;\">\n\t\t<tbody>\n\t\t\t\t\t\t\t\t\t\t\t\t\t\t\t\t\t\t\t\t\t\t\t\t\t\t\t\t\t\t\t<tr>\n\t\t\t\t\t<td rowspan=\"2\" class=\"avatar-cell\" width=\"60\">\n\t\t\t\t\t\t\n<img loading=\"lazy\" decoding=\"async\" class=\"avatar avatar- photo\" alt=\"avatar\" width=\"60\" height=\"60\" src=\"https:\/\/podcast.kuubus.de\/techtalk\/wp-content\/cache\/podlove\/1d\/49c4e8a26935013aebe198798f5ab2\/stephan-g-blendinger_60x60.jpeg\" srcset=\"https:\/\/podcast.kuubus.de\/techtalk\/wp-content\/cache\/podlove\/1d\/49c4e8a26935013aebe198798f5ab2\/stephan-g-blendinger_60x60.jpeg 1x, https:\/\/podcast.kuubus.de\/techtalk\/podlove\/image\/68747470733a2f2f706f64636173742e6b75756275732e64652f7465636874616c6b2f77702d636f6e74656e742f75706c6f6164732f73697465732f352f323032332f30382f494d475f313935352d7363616c65642e6a706567\/120\/0\/0\/stephan-g-blendinger 2x, https:\/\/podcast.kuubus.de\/techtalk\/podlove\/image\/68747470733a2f2f706f64636173742e6b75756275732e64652f7465636874616c6b2f77702d636f6e74656e742f75706c6f6164732f73697465732f352f323032332f30382f494d475f313935352d7363616c65642e6a706567\/180\/0\/0\/stephan-g-blendinger 3x\"\/>\n\n\t\t\t\t\t<\/td>\n\t\t\t\t\t<td class=\"social-cell\">\n\t\t\t\t\t\t<strong class=\"contributor-name\">Stephan G. Blendinger<\/strong>\n\t\t                \t\t\t\t\t\t<div class=\"social-icons\">\n\t\t\t\t\t\t\t\t\t\t\t\t\t\t\t<a target=\"_blank\" title=\"Twitter Account von Stephan\" href=\"https:\/\/twitter.com\/blinddtouch\">\n\t\t\t\t\t\t\t\t\t\n<img decoding=\"async\" class=\"podlove-contributor-button\" alt=\"Twitter Account von Stephan Icon\" width=\"32\" src=\"https:\/\/podcast.kuubus.de\/techtalk\/podlove\/image\/68747470733a2f2f706f64636173742e6b75756275732e64652f7465636874616c6b2f77702d636f6e74656e742f706c7567696e732f706f646c6f76652d706f6463617374696e672d706c7567696e2d666f722d776f726470726573732f6c69622f6d6f64756c65732f736f6369616c2f696d616765732f69636f6e732f747769747465722e706e67\/32\/0\/0\/twitter\" srcset=\"https:\/\/podcast.kuubus.de\/techtalk\/podlove\/image\/68747470733a2f2f706f64636173742e6b75756275732e64652f7465636874616c6b2f77702d636f6e74656e742f706c7567696e732f706f646c6f76652d706f6463617374696e672d706c7567696e2d666f722d776f726470726573732f6c69622f6d6f64756c65732f736f6369616c2f696d616765732f69636f6e732f747769747465722e706e67\/32\/0\/0\/twitter 1x, https:\/\/podcast.kuubus.de\/techtalk\/podlove\/image\/68747470733a2f2f706f64636173742e6b75756275732e64652f7465636874616c6b2f77702d636f6e74656e742f706c7567696e732f706f646c6f76652d706f6463617374696e672d706c7567696e2d666f722d776f726470726573732f6c69622f6d6f64756c65732f736f6369616c2f696d616765732f69636f6e732f747769747465722e706e67\/64\/0\/0\/twitter 2x, https:\/\/podcast.kuubus.de\/techtalk\/podlove\/image\/68747470733a2f2f706f64636173742e6b75756275732e64652f7465636874616c6b2f77702d636f6e74656e742f706c7567696e732f706f646c6f76652d706f6463617374696e672d706c7567696e2d666f722d776f726470726573732f6c69622f6d6f64756c65732f736f6369616c2f696d616765732f69636f6e732f747769747465722e706e67\/96\/0\/0\/twitter 3x\"\/>\n\n\t\t\t\t\t\t\t\t<\/a>\n\t\t\t\t\t\t\t\t\t\t\t\t\t\t\t<a target=\"_blank\" title=\"Facebook-Profil von Stephan G. Blendinger\" href=\"https:\/\/facebook.com\/stephangblendinger\">\n\t\t\t\t\t\t\t\t\t\n<img decoding=\"async\" class=\"podlove-contributor-button\" alt=\"Facebook-Profil von Stephan G. Blendinger Icon\" width=\"32\" src=\"https:\/\/podcast.kuubus.de\/techtalk\/podlove\/image\/68747470733a2f2f706f64636173742e6b75756275732e64652f7465636874616c6b2f77702d636f6e74656e742f706c7567696e732f706f646c6f76652d706f6463617374696e672d706c7567696e2d666f722d776f726470726573732f6c69622f6d6f64756c65732f736f6369616c2f696d616765732f69636f6e732f66616365626f6f6b2e706e67\/32\/0\/0\/facebook\" srcset=\"https:\/\/podcast.kuubus.de\/techtalk\/podlove\/image\/68747470733a2f2f706f64636173742e6b75756275732e64652f7465636874616c6b2f77702d636f6e74656e742f706c7567696e732f706f646c6f76652d706f6463617374696e672d706c7567696e2d666f722d776f726470726573732f6c69622f6d6f64756c65732f736f6369616c2f696d616765732f69636f6e732f66616365626f6f6b2e706e67\/32\/0\/0\/facebook 1x, https:\/\/podcast.kuubus.de\/techtalk\/podlove\/image\/68747470733a2f2f706f64636173742e6b75756275732e64652f7465636874616c6b2f77702d636f6e74656e742f706c7567696e732f706f646c6f76652d706f6463617374696e672d706c7567696e2d666f722d776f726470726573732f6c69622f6d6f64756c65732f736f6369616c2f696d616765732f69636f6e732f66616365626f6f6b2e706e67\/64\/0\/0\/facebook 2x, https:\/\/podcast.kuubus.de\/techtalk\/podlove\/image\/68747470733a2f2f706f64636173742e6b75756275732e64652f7465636874616c6b2f77702d636f6e74656e742f706c7567696e732f706f646c6f76652d706f6463617374696e672d706c7567696e2d666f722d776f726470726573732f6c69622f6d6f64756c65732f736f6369616c2f696d616765732f69636f6e732f66616365626f6f6b2e706e67\/96\/0\/0\/facebook 3x\"\/>\n\n\t\t\t\t\t\t\t\t<\/a>\n\t\t\t\t\t\t\t\t\t\t\t\t\t\t\t<a target=\"_blank\" title=\"Meine Webseite KuUBuS\" href=\"http:\/\/kuubus.de\">\n\t\t\t\t\t\t\t\t\t\n<img decoding=\"async\" class=\"podlove-contributor-button\" alt=\"Meine Webseite KuUBuS Icon\" width=\"32\" src=\"https:\/\/podcast.kuubus.de\/techtalk\/podlove\/image\/68747470733a2f2f706f64636173742e6b75756275732e64652f7465636874616c6b2f77702d636f6e74656e742f706c7567696e732f706f646c6f76652d706f6463617374696e672d706c7567696e2d666f722d776f726470726573732f6c69622f6d6f64756c65732f736f6369616c2f696d616765732f69636f6e732f7777772e706e67\/32\/0\/0\/website\" srcset=\"https:\/\/podcast.kuubus.de\/techtalk\/podlove\/image\/68747470733a2f2f706f64636173742e6b75756275732e64652f7465636874616c6b2f77702d636f6e74656e742f706c7567696e732f706f646c6f76652d706f6463617374696e672d706c7567696e2d666f722d776f726470726573732f6c69622f6d6f64756c65732f736f6369616c2f696d616765732f69636f6e732f7777772e706e67\/32\/0\/0\/website 1x, https:\/\/podcast.kuubus.de\/techtalk\/podlove\/image\/68747470733a2f2f706f64636173742e6b75756275732e64652f7465636874616c6b2f77702d636f6e74656e742f706c7567696e732f706f646c6f76652d706f6463617374696e672d706c7567696e2d666f722d776f726470726573732f6c69622f6d6f64756c65732f736f6369616c2f696d616765732f69636f6e732f7777772e706e67\/64\/0\/0\/website 2x, https:\/\/podcast.kuubus.de\/techtalk\/podlove\/image\/68747470733a2f2f706f64636173742e6b75756275732e64652f7465636874616c6b2f77702d636f6e74656e742f706c7567696e732f706f646c6f76652d706f6463617374696e672d706c7567696e2d666f722d776f726470726573732f6c69622f6d6f64756c65732f736f6369616c2f696d616765732f69636f6e732f7777772e706e67\/96\/0\/0\/website 3x\"\/>\n\n\t\t\t\t\t\t\t\t<\/a>\n\t\t\t\t\t\t\t\t\t\t\t\t\t\t\t<a target=\"_blank\" title=\"KuUBuS und Stephan mit Flatr unterst\u00fctzen\" href=\"https:\/\/flattr.com\/profile\/kuubus\">\n\t\t\t\t\t\t\t\t\t\n<img decoding=\"async\" class=\"podlove-contributor-button\" alt=\"KuUBuS und Stephan mit Flatr unterst\u00fctzen Icon\" width=\"32\" src=\"https:\/\/podcast.kuubus.de\/techtalk\/podlove\/image\/68747470733a2f2f706f64636173742e6b75756275732e64652f7465636874616c6b2f77702d636f6e74656e742f706c7567696e732f706f646c6f76652d706f6463617374696e672d706c7567696e2d666f722d776f726470726573732f6c69622f6d6f64756c65732f736f6369616c2f696d616765732f69636f6e732f666c617474722e706e67\/32\/0\/0\/flattr\" srcset=\"https:\/\/podcast.kuubus.de\/techtalk\/podlove\/image\/68747470733a2f2f706f64636173742e6b75756275732e64652f7465636874616c6b2f77702d636f6e74656e742f706c7567696e732f706f646c6f76652d706f6463617374696e672d706c7567696e2d666f722d776f726470726573732f6c69622f6d6f64756c65732f736f6369616c2f696d616765732f69636f6e732f666c617474722e706e67\/32\/0\/0\/flattr 1x, https:\/\/podcast.kuubus.de\/techtalk\/podlove\/image\/68747470733a2f2f706f64636173742e6b75756275732e64652f7465636874616c6b2f77702d636f6e74656e742f706c7567696e732f706f646c6f76652d706f6463617374696e672d706c7567696e2d666f722d776f726470726573732f6c69622f6d6f64756c65732f736f6369616c2f696d616765732f69636f6e732f666c617474722e706e67\/64\/0\/0\/flattr 2x, https:\/\/podcast.kuubus.de\/techtalk\/podlove\/image\/68747470733a2f2f706f64636173742e6b75756275732e64652f7465636874616c6b2f77702d636f6e74656e742f706c7567696e732f706f646c6f76652d706f6463617374696e672d706c7567696e2d666f722d776f726470726573732f6c69622f6d6f64756c65732f736f6369616c2f696d616765732f69636f6e732f666c617474722e706e67\/96\/0\/0\/flattr 3x\"\/>\n\n\t\t\t\t\t\t\t\t<\/a>\n\t\t\t\t\t\t\t\t\t\t\t\t\t<\/div>\n\t\t\t\t\t<\/td>\n\t\t\t\t<\/tr>\n\t\t\t\t<tr class=\"episode-row\">\n\t\t\t\t\t<td class=\"episodes-cell\">\n\t\t\t\t\t\t<ul>\n\t\t\t\t\t\t\t\t\t\t\t\t\t<li>\n\t\t\t\t\t\t\t\t<a href=\"https:\/\/podcast.kuubus.de\/techtalk\/techtalk-episode-14-meine-inhalte-im-netz\/\">Meine Inhalte im Netz<\/a>\n\t\t\t\t\t\t\t<\/li>\n\t\t\t\t\t\t\t\t\t\t\t\t\t<li>\n\t\t\t\t\t\t\t\t<a href=\"https:\/\/podcast.kuubus.de\/techtalk\/techtalk-episode-13-die-orcam\/\">Die OrCam<\/a>\n\t\t\t\t\t\t\t<\/li>\n\t\t\t\t\t\t\t\t\t\t\t\t\t<li>\n\t\t\t\t\t\t\t\t<a href=\"https:\/\/podcast.kuubus.de\/techtalk\/techtalk-episode-11-streamingdienste\/\">Streamingdienste<\/a>\n\t\t\t\t\t\t\t<\/li>\n\t\t\t\t\t\t\t\t\t\t\t\t\t<li>\n\t\t\t\t\t\t\t\t<a href=\"https:\/\/podcast.kuubus.de\/techtalk\/cap4free_techtalk_009_hilfsmittel2\/\">Hilfsmittel (Teil 2 von 2)<\/a>\n\t\t\t\t\t\t\t<\/li>\n\t\t\t\t\t\t\t\t\t\t\t\t\t<li>\n\t\t\t\t\t\t\t\t<a href=\"https:\/\/podcast.kuubus.de\/techtalk\/cap4free_techtalk_008_amazon_alexa\/\">Amazon Alexa - Faszination Sprachassistent<\/a>\n\t\t\t\t\t\t\t<\/li>\n\t\t\t\t\t\t\t\t\t\t\t\t\t<li>\n\t\t\t\t\t\t\t\t<a href=\"https:\/\/podcast.kuubus.de\/techtalk\/cap4free_techtalk_007_hilfsmittel1\/\">Hilfsmittel (Teil 1 von 2)<\/a>\n\t\t\t\t\t\t\t<\/li>\n\t\t\t\t\t\t\t\t\t\t\t\t\t<li>\n\t\t\t\t\t\t\t\t<a href=\"https:\/\/podcast.kuubus.de\/techtalk\/cap4free_techtalk_005_smarthome\/\">Die faszinierende Welt des SmartHome<\/a>\n\t\t\t\t\t\t\t<\/li>\n\t\t\t\t\t\t\t\t\t\t\t\t\t<li>\n\t\t\t\t\t\t\t\t<a href=\"https:\/\/podcast.kuubus.de\/techtalk\/cap4free_techtalk_004_raspberry_pi2\/\">Installation und Einrichtung eines Raspberry Pi (Teil 2)<\/a>\n\t\t\t\t\t\t\t<\/li>\n\t\t\t\t\t\t\t\t\t\t\t\t\t<li>\n\t\t\t\t\t\t\t\t<a href=\"https:\/\/podcast.kuubus.de\/techtalk\/cap4free_techtalk_003_raspberry_pi1\/\">Installation und Einrichtung eines Raspberry Pi - Teil 1<\/a>\n\t\t\t\t\t\t\t<\/li>\n\t\t\t\t\t\t\t\t\t\t\t\t\t<li>\n\t\t\t\t\t\t\t\t<a href=\"https:\/\/podcast.kuubus.de\/techtalk\/cap4free_techtalk_001_vorstellung\/\">Wir stellen uns vor<\/a>\n\t\t\t\t\t\t\t<\/li>\n\t\t\t\t\t\t\t\t\t\t\t\t<\/ul>\n\t\t\t\t\t<\/td>\n\t\t\t\t<\/tr>\n\t\t\t\t\t\t\t\t\t\t\t\t\t\t\t\t<\/tbody>\n<\/table>\n\n\n\n<style type=\"text\/css\">\n.podlove-global-contributors td {\n\tvertical-align: top;\n\tline-height: 1.3em;\n}\n\n.podlove-global-contributors .avatar-cell {\n\tmax-width: 100px;\n\ttext-align: center;\n}\n\n.podlove-global-contributors td {\n\tborder-top-width: 0px;\n}\n\n.podlove-global-contributors .episode-row {\n\t\/*margin-bottom: 10px;*\/\n}\n\n.podlove-global-contributors td ul {\n\tmargin: 0;\n}\n\n.podlove-global-contributors .social-cell li {\n\tmargin: 0;\n}\n\n.podlove-global-contributors .episodes-cell {\n\tpadding-top: 0px;\n}\n\n.podlove-global-contributors .episodes-cell li {\n\tdisplay: inline-block;\n\tmargin: 0;\n}\n\n.podlove-global-contributors .episodes-cell li a {\n\tbackground: #eee;\n\tpadding: 2px 10px;\n\tline-height: 170%;\n\tborder-radius: 10px;\n}\n\n<\/style>\n<\/p>\n","protected":false},"excerpt":{"rendered":"<p>Funktion: Moderation, Redaktion, Produktion, \u00d6ffentlichkeitsarbeit, Webseite, Administration Mehr zu mir: Ich bin Webmaster und Administrator der Internet-Platform KuUBuS. Zusammen mit Cap4Free betreiben wir diesen Podcast-Kanal. Meine Schwerpunkte liegen auf der Technik. Gelegentlich bin ich als Teil der Stammbesetzung bei einigen Podcast-Episoden dabei. Ich produziere zusammen mit Special-Guests einzelne Episoden. Auch Solo-Moderationen sind geplant. Ich komme [&hellip;]<\/p>\n","protected":false},"author":1,"featured_media":0,"parent":79,"menu_order":0,"comment_status":"closed","ping_status":"closed","template":"","meta":{"jetpack_post_was_ever_published":false,"footnotes":""},"class_list":["post-3565","page","type-page","status-publish","hentry"],"jetpack_sharing_enabled":true,"jetpack_shortlink":"https:\/\/wp.me\/P8sLSM-Vv","_links":{"self":[{"href":"https:\/\/podcast.kuubus.de\/techtalk\/wp-json\/wp\/v2\/pages\/3565","targetHints":{"allow":["GET"]}}],"collection":[{"href":"https:\/\/podcast.kuubus.de\/techtalk\/wp-json\/wp\/v2\/pages"}],"about":[{"href":"https:\/\/podcast.kuubus.de\/techtalk\/wp-json\/wp\/v2\/types\/page"}],"author":[{"embeddable":true,"href":"https:\/\/podcast.kuubus.de\/techtalk\/wp-json\/wp\/v2\/users\/1"}],"replies":[{"embeddable":true,"href":"https:\/\/podcast.kuubus.de\/techtalk\/wp-json\/wp\/v2\/comments?post=3565"}],"version-history":[{"count":0,"href":"https:\/\/podcast.kuubus.de\/techtalk\/wp-json\/wp\/v2\/pages\/3565\/revisions"}],"up":[{"embeddable":true,"href":"https:\/\/podcast.kuubus.de\/techtalk\/wp-json\/wp\/v2\/pages\/79"}],"wp:attachment":[{"href":"https:\/\/podcast.kuubus.de\/techtalk\/wp-json\/wp\/v2\/media?parent=3565"}],"curies":[{"name":"wp","href":"https:\/\/api.w.org\/{rel}","templated":true}]}}