{"id":3536,"date":"2017-02-23T08:01:52","date_gmt":"2017-02-23T07:01:52","guid":{"rendered":"http:\/\/podcast.kuubus.de\/techtalk\/?page_id=3536"},"modified":"2017-04-03T13:02:16","modified_gmt":"2017-04-03T11:02:16","slug":"gaeste","status":"publish","type":"page","link":"https:\/\/podcast.kuubus.de\/techtalk\/gaeste\/","title":{"rendered":"G\u00e4ste"},"content":{"rendered":"<p>Neben unseren zahlreichen gemeinsamen Talk-Runden und den beliebten Solo-Produktionen begr\u00fc\u00dfen wir auch G\u00e4ste und Interview-Partner im TechTalk-Podcast. Diese sind hier aufgef\u00fchrt.<br \/>\n\n<table class=\"podlove-global-contributors\" style=\"background: transparent!important;\">\n\t\t<tbody>\n\t\t\t\t\t\t\t\t\t<tr>\n\t\t\t\t\t<td rowspan=\"2\" class=\"avatar-cell\" width=\"60\">\n\t\t\t\t\t\t\n<img loading=\"lazy\" decoding=\"async\" class=\"avatar avatar- photo\" alt=\"avatar\" width=\"60\" height=\"60\" src=\"https:\/\/podcast.kuubus.de\/techtalk\/podlove\/image\/687474703a2f2f706f64636173742e6b75756275732e64652f7465636874616c6b2f77702d636f6e74656e742f75706c6f6164732f73697465732f352f323031372f30362f3137303531355f313534373930333836303131305f323431313434315f6f2d65313439373739363738353332362e6a7067\/60\/60\/0\/dario-madani\" srcset=\"https:\/\/podcast.kuubus.de\/techtalk\/podlove\/image\/687474703a2f2f706f64636173742e6b75756275732e64652f7465636874616c6b2f77702d636f6e74656e742f75706c6f6164732f73697465732f352f323031372f30362f3137303531355f313534373930333836303131305f323431313434315f6f2d65313439373739363738353332362e6a7067\/60\/60\/0\/dario-madani 1x, https:\/\/podcast.kuubus.de\/techtalk\/podlove\/image\/687474703a2f2f706f64636173742e6b75756275732e64652f7465636874616c6b2f77702d636f6e74656e742f75706c6f6164732f73697465732f352f323031372f30362f3137303531355f313534373930333836303131305f323431313434315f6f2d65313439373739363738353332362e6a7067\/120\/0\/0\/dario-madani 2x, https:\/\/podcast.kuubus.de\/techtalk\/podlove\/image\/687474703a2f2f706f64636173742e6b75756275732e64652f7465636874616c6b2f77702d636f6e74656e742f75706c6f6164732f73697465732f352f323031372f30362f3137303531355f313534373930333836303131305f323431313434315f6f2d65313439373739363738353332362e6a7067\/180\/0\/0\/dario-madani 3x\"\/>\n\n\t\t\t\t\t<\/td>\n\t\t\t\t\t<td class=\"social-cell\">\n\t\t\t\t\t\t<strong class=\"contributor-name\">Dario Madani<\/strong>\n\t\t                                            <br><em>Special Guest<\/em>\n                        \t\t\t\t\t\t<div class=\"social-icons\">\n\t\t\t\t\t\t\t\t\t\t\t\t\t<\/div>\n\t\t\t\t\t<\/td>\n\t\t\t\t<\/tr>\n\t\t\t\t<tr class=\"episode-row\">\n\t\t\t\t\t<td class=\"episodes-cell\">\n\t\t\t\t\t\t<ul>\n\t\t\t\t\t\t\t\t\t\t\t\t\t<li>\n\t\t\t\t\t\t\t\t<a href=\"https:\/\/podcast.kuubus.de\/techtalk\/techtalk-episode-13-die-orcam\/\">Die OrCam<\/a>\n\t\t\t\t\t\t\t<\/li>\n\t\t\t\t\t\t\t\t\t\t\t\t<\/ul>\n\t\t\t\t\t<\/td>\n\t\t\t\t<\/tr>\n\t\t\t\t\t\t\t\t\t\t\t\t<tr>\n\t\t\t\t\t<td rowspan=\"2\" class=\"avatar-cell\" width=\"60\">\n\t\t\t\t\t\t\n<img loading=\"lazy\" decoding=\"async\" class=\"avatar avatar- photo\" alt=\"avatar\" width=\"60\" height=\"60\" src=\"data:image\/svg+xml;base64,PHN2ZyB4bWxucz0iaHR0cDovL3d3dy53My5vcmcvMjAwMC9zdmciIGNsYXNzPSJoLTYgdy02IiBmaWxsPSJub25lIiB2aWV3Qm94PSIwIDAgMjQgMjQiIHN0cm9rZT0iY3VycmVudENvbG9yIj4KICA8cGF0aCBzdHJva2UtbGluZWNhcD0icm91bmQiIHN0cm9rZS1saW5lam9pbj0icm91bmQiIHN0cm9rZS13aWR0aD0iMiIgZD0iTTUuMTIxIDE3LjgwNEExMy45MzcgMTMuOTM3IDAgMDExMiAxNmMyLjUgMCA0Ljg0Ny42NTUgNi44NzkgMS44MDRNMTUgMTBhMyAzIDAgMTEtNiAwIDMgMyAwIDAxNiAwem02IDJhOSA5IDAgMTEtMTggMCA5IDkgMCAwMTE4IDB6IiAvPgo8L3N2Zz4K\"\/>\n\n\t\t\t\t\t<\/td>\n\t\t\t\t\t<td class=\"social-cell\">\n\t\t\t\t\t\t<strong class=\"contributor-name\">Patrick Heinings<\/strong>\n\t\t                                            <br><em>Special Guest<\/em>\n                        \t\t\t\t\t\t<div class=\"social-icons\">\n\t\t\t\t\t\t\t\t\t\t\t\t\t<\/div>\n\t\t\t\t\t<\/td>\n\t\t\t\t<\/tr>\n\t\t\t\t<tr class=\"episode-row\">\n\t\t\t\t\t<td class=\"episodes-cell\">\n\t\t\t\t\t\t<ul>\n\t\t\t\t\t\t\t\t\t\t\t\t\t<li>\n\t\t\t\t\t\t\t\t<a href=\"https:\/\/podcast.kuubus.de\/techtalk\/techtalk-episode-12-retro-technik-ton-und-bild\/\">Retro-Technik Ton und Bild<\/a>\n\t\t\t\t\t\t\t<\/li>\n\t\t\t\t\t\t\t\t\t\t\t\t<\/ul>\n\t\t\t\t\t<\/td>\n\t\t\t\t<\/tr>\n\t\t\t\t\t\t\t\t\t\t\t\t<tr>\n\t\t\t\t\t<td rowspan=\"2\" class=\"avatar-cell\" width=\"60\">\n\t\t\t\t\t\t\n<img loading=\"lazy\" decoding=\"async\" class=\"avatar avatar- photo\" alt=\"avatar\" width=\"60\" height=\"60\" src=\"data:image\/svg+xml;base64,PHN2ZyB4bWxucz0iaHR0cDovL3d3dy53My5vcmcvMjAwMC9zdmciIGNsYXNzPSJoLTYgdy02IiBmaWxsPSJub25lIiB2aWV3Qm94PSIwIDAgMjQgMjQiIHN0cm9rZT0iY3VycmVudENvbG9yIj4KICA8cGF0aCBzdHJva2UtbGluZWNhcD0icm91bmQiIHN0cm9rZS1saW5lam9pbj0icm91bmQiIHN0cm9rZS13aWR0aD0iMiIgZD0iTTUuMTIxIDE3LjgwNEExMy45MzcgMTMuOTM3IDAgMDExMiAxNmMyLjUgMCA0Ljg0Ny42NTUgNi44NzkgMS44MDRNMTUgMTBhMyAzIDAgMTEtNiAwIDMgMyAwIDAxNiAwem02IDJhOSA5IDAgMTEtMTggMCA5IDkgMCAwMTE4IDB6IiAvPgo8L3N2Zz4K\"\/>\n\n\t\t\t\t\t<\/td>\n\t\t\t\t\t<td class=\"social-cell\">\n\t\t\t\t\t\t<strong class=\"contributor-name\">Thomas Loske<\/strong>\n\t\t                                            <br><em>Special Guest<\/em>\n                        \t\t\t\t\t\t<div class=\"social-icons\">\n\t\t\t\t\t\t\t\t\t\t\t\t\t<\/div>\n\t\t\t\t\t<\/td>\n\t\t\t\t<\/tr>\n\t\t\t\t<tr class=\"episode-row\">\n\t\t\t\t\t<td class=\"episodes-cell\">\n\t\t\t\t\t\t<ul>\n\t\t\t\t\t\t\t\t\t\t\t\t\t<li>\n\t\t\t\t\t\t\t\t<a href=\"https:\/\/podcast.kuubus.de\/techtalk\/techtalk-episode-15-mini-computer\/\">Mini-Computer<\/a>\n\t\t\t\t\t\t\t<\/li>\n\t\t\t\t\t\t\t\t\t\t\t\t<\/ul>\n\t\t\t\t\t<\/td>\n\t\t\t\t<\/tr>\n\t\t\t\t\t\t\t\t\t\t\t\t<tr>\n\t\t\t\t\t<td rowspan=\"2\" class=\"avatar-cell\" width=\"60\">\n\t\t\t\t\t\t\n<img loading=\"lazy\" decoding=\"async\" class=\"avatar avatar- photo\" alt=\"avatar\" width=\"60\" height=\"60\" src=\"https:\/\/podcast.kuubus.de\/techtalk\/podlove\/image\/687474703a2f2f706f64636173742e6b75756275732e64652f7465636874616c6b2f77702d636f6e74656e742f75706c6f6164732f73697465732f352f323031372f30322f6176617461725f79736172696b6179613132302e6a7067\/60\/60\/0\/yasin-sarikaya\" srcset=\"https:\/\/podcast.kuubus.de\/techtalk\/podlove\/image\/687474703a2f2f706f64636173742e6b75756275732e64652f7465636874616c6b2f77702d636f6e74656e742f75706c6f6164732f73697465732f352f323031372f30322f6176617461725f79736172696b6179613132302e6a7067\/60\/60\/0\/yasin-sarikaya 1x, https:\/\/podcast.kuubus.de\/techtalk\/podlove\/image\/687474703a2f2f706f64636173742e6b75756275732e64652f7465636874616c6b2f77702d636f6e74656e742f75706c6f6164732f73697465732f352f323031372f30322f6176617461725f79736172696b6179613132302e6a7067\/120\/0\/0\/yasin-sarikaya 2x\"\/>\n\n\t\t\t\t\t<\/td>\n\t\t\t\t\t<td class=\"social-cell\">\n\t\t\t\t\t\t<strong class=\"contributor-name\">Yasin Sarikaya<\/strong>\n\t\t                                            <br><em>Special Guest in einigen Episoden<\/em>\n                        \t\t\t\t\t\t<div class=\"social-icons\">\n\t\t\t\t\t\t\t\t\t\t\t\t\t\t\t<a target=\"_blank\" title=\"Facebook-Profil Yasin Sarikaya\" href=\"https:\/\/facebook.com\/Yasinx91\">\n\t\t\t\t\t\t\t\t\t\n<img decoding=\"async\" class=\"podlove-contributor-button\" alt=\"Facebook-Profil Yasin Sarikaya Icon\" width=\"32\" src=\"https:\/\/podcast.kuubus.de\/techtalk\/podlove\/image\/68747470733a2f2f706f64636173742e6b75756275732e64652f7465636874616c6b2f77702d636f6e74656e742f706c7567696e732f706f646c6f76652d706f6463617374696e672d706c7567696e2d666f722d776f726470726573732f6c69622f6d6f64756c65732f736f6369616c2f696d616765732f69636f6e732f66616365626f6f6b2e706e67\/32\/0\/0\/facebook\" srcset=\"https:\/\/podcast.kuubus.de\/techtalk\/podlove\/image\/68747470733a2f2f706f64636173742e6b75756275732e64652f7465636874616c6b2f77702d636f6e74656e742f706c7567696e732f706f646c6f76652d706f6463617374696e672d706c7567696e2d666f722d776f726470726573732f6c69622f6d6f64756c65732f736f6369616c2f696d616765732f69636f6e732f66616365626f6f6b2e706e67\/32\/0\/0\/facebook 1x, https:\/\/podcast.kuubus.de\/techtalk\/podlove\/image\/68747470733a2f2f706f64636173742e6b75756275732e64652f7465636874616c6b2f77702d636f6e74656e742f706c7567696e732f706f646c6f76652d706f6463617374696e672d706c7567696e2d666f722d776f726470726573732f6c69622f6d6f64756c65732f736f6369616c2f696d616765732f69636f6e732f66616365626f6f6b2e706e67\/64\/0\/0\/facebook 2x, https:\/\/podcast.kuubus.de\/techtalk\/podlove\/image\/68747470733a2f2f706f64636173742e6b75756275732e64652f7465636874616c6b2f77702d636f6e74656e742f706c7567696e732f706f646c6f76652d706f6463617374696e672d706c7567696e2d666f722d776f726470726573732f6c69622f6d6f64756c65732f736f6369616c2f696d616765732f69636f6e732f66616365626f6f6b2e706e67\/96\/0\/0\/facebook 3x\"\/>\n\n\t\t\t\t\t\t\t\t<\/a>\n\t\t\t\t\t\t\t\t\t\t\t\t\t<\/div>\n\t\t\t\t\t<\/td>\n\t\t\t\t<\/tr>\n\t\t\t\t<tr class=\"episode-row\">\n\t\t\t\t\t<td class=\"episodes-cell\">\n\t\t\t\t\t\t<ul>\n\t\t\t\t\t\t\t\t\t\t\t\t\t<li>\n\t\t\t\t\t\t\t\t<a href=\"https:\/\/podcast.kuubus.de\/techtalk\/cap4free_techtalk_008_amazon_alexa\/\">Amazon Alexa - Faszination Sprachassistent<\/a>\n\t\t\t\t\t\t\t<\/li>\n\t\t\t\t\t\t\t\t\t\t\t\t\t<li>\n\t\t\t\t\t\t\t\t<a href=\"https:\/\/podcast.kuubus.de\/techtalk\/cap4free_techtalk_005_smarthome\/\">Die faszinierende Welt des SmartHome<\/a>\n\t\t\t\t\t\t\t<\/li>\n\t\t\t\t\t\t\t\t\t\t\t\t<\/ul>\n\t\t\t\t\t<\/td>\n\t\t\t\t<\/tr>\n\t\t\t\t\t\t<\/tbody>\n<\/table>\n\n\n\n<style type=\"text\/css\">\n.podlove-global-contributors td {\n\tvertical-align: top;\n\tline-height: 1.3em;\n}\n\n.podlove-global-contributors .avatar-cell {\n\tmax-width: 100px;\n\ttext-align: center;\n}\n\n.podlove-global-contributors td {\n\tborder-top-width: 0px;\n}\n\n.podlove-global-contributors .episode-row {\n\t\/*margin-bottom: 10px;*\/\n}\n\n.podlove-global-contributors td ul {\n\tmargin: 0;\n}\n\n.podlove-global-contributors .social-cell li {\n\tmargin: 0;\n}\n\n.podlove-global-contributors .episodes-cell {\n\tpadding-top: 0px;\n}\n\n.podlove-global-contributors .episodes-cell li {\n\tdisplay: inline-block;\n\tmargin: 0;\n}\n\n.podlove-global-contributors .episodes-cell li a {\n\tbackground: #eee;\n\tpadding: 2px 10px;\n\tline-height: 170%;\n\tborder-radius: 10px;\n}\n\n<\/style>\n<\/p>\n","protected":false},"excerpt":{"rendered":"<p>Neben unseren zahlreichen gemeinsamen Talk-Runden und den beliebten Solo-Produktionen begr\u00fc\u00dfen wir auch G\u00e4ste und Interview-Partner im TechTalk-Podcast. Diese sind hier aufgef\u00fchrt.<\/p>\n","protected":false},"author":6,"featured_media":0,"parent":0,"menu_order":0,"comment_status":"closed","ping_status":"closed","template":"","meta":{"jetpack_post_was_ever_published":false,"footnotes":""},"class_list":["post-3536","page","type-page","status-publish","hentry"],"jetpack_sharing_enabled":true,"jetpack_shortlink":"https:\/\/wp.me\/P8sLSM-V2","_links":{"self":[{"href":"https:\/\/podcast.kuubus.de\/techtalk\/wp-json\/wp\/v2\/pages\/3536","targetHints":{"allow":["GET"]}}],"collection":[{"href":"https:\/\/podcast.kuubus.de\/techtalk\/wp-json\/wp\/v2\/pages"}],"about":[{"href":"https:\/\/podcast.kuubus.de\/techtalk\/wp-json\/wp\/v2\/types\/page"}],"author":[{"embeddable":true,"href":"https:\/\/podcast.kuubus.de\/techtalk\/wp-json\/wp\/v2\/users\/6"}],"replies":[{"embeddable":true,"href":"https:\/\/podcast.kuubus.de\/techtalk\/wp-json\/wp\/v2\/comments?post=3536"}],"version-history":[{"count":2,"href":"https:\/\/podcast.kuubus.de\/techtalk\/wp-json\/wp\/v2\/pages\/3536\/revisions"}],"predecessor-version":[{"id":3633,"href":"https:\/\/podcast.kuubus.de\/techtalk\/wp-json\/wp\/v2\/pages\/3536\/revisions\/3633"}],"wp:attachment":[{"href":"https:\/\/podcast.kuubus.de\/techtalk\/wp-json\/wp\/v2\/media?parent=3536"}],"curies":[{"name":"wp","href":"https:\/\/api.w.org\/{rel}","templated":true}]}}